{"id":44031,"date":"2019-03-05T09:43:14","date_gmt":"2019-03-05T09:43:14","guid":{"rendered":"https:\/\/mavimare-staging.kotuko.rocks\/prodotto\/art-vcg40\/"},"modified":"2019-03-05T09:43:14","modified_gmt":"2019-03-05T09:43:14","slug":"art-vcg40","status":"publish","type":"product","link":"https:\/\/mavimare-staging.kotuko.rocks\/en\/product\/art-vcg40\/","title":{"rendered":"Art. V.CG40"},"content":{"rendered":"<p>Mahogany steering wheel.<\/p>\n<p>Cod. <strong>V.CG40<\/strong>: \u00d8 400 mm.<br \/>Cod. <strong>V.C<strong>G45<\/strong><\/strong>: \u00d8 450 mm.<br \/>Cod. <strong>V.C<strong>G50<\/strong><\/strong>: \u00d8 500 mm.<br \/>Cod. <strong>V.C<strong>G60<\/strong><\/strong>: \u00d8 600 mm.<\/p>\n","protected":false},"excerpt":{"rendered":"<p>Mahogany steering wheel. Cod. V.CG40: \u00d8 400 mm.Cod. V.CG45: \u00d8 450 mm.Cod. V.CG50: \u00d8 500 mm.Cod. V.CG60: \u00d8 600 mm.<\/p>\n","protected":false},"featured_media":7807,"template":"","meta":[],"product_cat":[36202],"product_tag":[],"class_list":["post-44031","product","type-product","status-publish","has-post-thumbnail","hentry","product_cat-steering-wheels","pa_cod-vcg40-en","pa_cod-vcg45-en","pa_cod-vcg50-en","pa_cod-vcg60-en"],"acf":[],"yoast_head":"<!-- This site is optimized with the Yoast SEO plugin v20.12 - https:\/\/yoast.com\/wordpress\/plugins\/seo\/ -->\n<title>Mahogany steering wheel<\/title>\n<meta name=\"description\" content=\"Mahogany steering wheel\" \/>\n<meta name=\"robots\" content=\"noindex, follow, max-snippet:-1, max-image-preview:large, max-video-preview:-1\" \/>\n<meta property=\"og:locale\" content=\"en_GB\" \/>\n<meta property=\"og:type\" content=\"article\" \/>\n<meta property=\"og:title\" content=\"Mahogany steering wheel\" \/>\n<meta property=\"og:description\" content=\"Mahogany steering wheel\" \/>\n<meta property=\"og:url\" content=\"https:\/\/mavimare-staging.kotuko.rocks\/en\/product\/art-vcg40\/\" \/>\n<meta property=\"og:site_name\" content=\"MaviMare\" \/>\n<meta property=\"og:image\" content=\"https:\/\/mavimare-staging.kotuko.rocks\/wp-content\/uploads\/2019\/03\/7556-Art.-V.CG40.jpg\" \/>\n\t<meta property=\"og:image:width\" content=\"1000\" \/>\n\t<meta property=\"og:image:height\" content=\"1000\" \/>\n\t<meta property=\"og:image:type\" content=\"image\/jpeg\" \/>\n<meta name=\"twitter:card\" content=\"summary_large_image\" \/>\n<script type=\"application\/ld+json\" class=\"yoast-schema-graph\">{\"@context\":\"https:\/\/schema.org\",\"@graph\":[{\"@type\":\"WebPage\",\"@id\":\"https:\/\/mavimare-staging.kotuko.rocks\/en\/product\/art-vcg40\/\",\"url\":\"https:\/\/mavimare-staging.kotuko.rocks\/en\/product\/art-vcg40\/\",\"name\":\"Mahogany steering wheel\",\"isPartOf\":{\"@id\":\"https:\/\/mavimare-staging.kotuko.rocks\/en\/#website\"},\"datePublished\":\"2019-03-05T09:43:14+00:00\",\"dateModified\":\"2019-03-05T09:43:14+00:00\",\"description\":\"Mahogany steering wheel\",\"breadcrumb\":{\"@id\":\"https:\/\/mavimare-staging.kotuko.rocks\/en\/product\/art-vcg40\/#breadcrumb\"},\"inLanguage\":\"en-GB\",\"potentialAction\":[{\"@type\":\"ReadAction\",\"target\":[\"https:\/\/mavimare-staging.kotuko.rocks\/en\/product\/art-vcg40\/\"]}]},{\"@type\":\"BreadcrumbList\",\"@id\":\"https:\/\/mavimare-staging.kotuko.rocks\/en\/product\/art-vcg40\/#breadcrumb\",\"itemListElement\":[{\"@type\":\"ListItem\",\"position\":1,\"name\":\"Home\",\"item\":\"https:\/\/mavimare-staging.kotuko.rocks\/en\/\"},{\"@type\":\"ListItem\",\"position\":2,\"name\":\"Products\",\"item\":\"https:\/\/mavimare-staging.kotuko.rocks\/negozio\/\"},{\"@type\":\"ListItem\",\"position\":3,\"name\":\"Steering wheels\",\"item\":\"https:\/\/mavimare-staging.kotuko.rocks\/en\/product-category\/steering-wheels\/\"},{\"@type\":\"ListItem\",\"position\":4,\"name\":\"Art. V.CG40\"}]},{\"@type\":\"WebSite\",\"@id\":\"https:\/\/mavimare-staging.kotuko.rocks\/en\/#website\",\"url\":\"https:\/\/mavimare-staging.kotuko.rocks\/en\/\",\"name\":\"MaviMare\",\"description\":\"\",\"publisher\":{\"@id\":\"https:\/\/mavimare-staging.kotuko.rocks\/en\/#organization\"},\"potentialAction\":[{\"@type\":\"SearchAction\",\"target\":{\"@type\":\"EntryPoint\",\"urlTemplate\":\"https:\/\/mavimare-staging.kotuko.rocks\/en\/?s={search_term_string}\"},\"query-input\":\"required name=search_term_string\"}],\"inLanguage\":\"en-GB\"},{\"@type\":\"Organization\",\"@id\":\"https:\/\/mavimare-staging.kotuko.rocks\/en\/#organization\",\"name\":\"MaviMare & Mancini SRL\",\"url\":\"https:\/\/mavimare-staging.kotuko.rocks\/en\/\",\"logo\":{\"@type\":\"ImageObject\",\"inLanguage\":\"en-GB\",\"@id\":\"https:\/\/mavimare-staging.kotuko.rocks\/en\/#\/schema\/logo\/image\/\",\"url\":\"https:\/\/mavimare-staging.kotuko.rocks\/wp-content\/uploads\/2023\/06\/mavimare_logo.svg\",\"contentUrl\":\"https:\/\/mavimare-staging.kotuko.rocks\/wp-content\/uploads\/2023\/06\/mavimare_logo.svg\",\"width\":1,\"height\":1,\"caption\":\"MaviMare & Mancini SRL\"},\"image\":{\"@id\":\"https:\/\/mavimare-staging.kotuko.rocks\/en\/#\/schema\/logo\/image\/\"}}]}<\/script>\n<!-- \/ Yoast SEO plugin. -->","yoast_head_json":{"title":"Mahogany steering wheel","description":"Mahogany steering wheel","robots":{"index":"noindex","follow":"follow","max-snippet":"max-snippet:-1","max-image-preview":"max-image-preview:large","max-video-preview":"max-video-preview:-1"},"og_locale":"en_GB","og_type":"article","og_title":"Mahogany steering wheel","og_description":"Mahogany steering wheel","og_url":"https:\/\/mavimare-staging.kotuko.rocks\/en\/product\/art-vcg40\/","og_site_name":"MaviMare","og_image":[{"width":1000,"height":1000,"url":"https:\/\/mavimare-staging.kotuko.rocks\/wp-content\/uploads\/2019\/03\/7556-Art.-V.CG40.jpg","type":"image\/jpeg"}],"twitter_card":"summary_large_image","schema":{"@context":"https:\/\/schema.org","@graph":[{"@type":"WebPage","@id":"https:\/\/mavimare-staging.kotuko.rocks\/en\/product\/art-vcg40\/","url":"https:\/\/mavimare-staging.kotuko.rocks\/en\/product\/art-vcg40\/","name":"Mahogany steering wheel","isPartOf":{"@id":"https:\/\/mavimare-staging.kotuko.rocks\/en\/#website"},"datePublished":"2019-03-05T09:43:14+00:00","dateModified":"2019-03-05T09:43:14+00:00","description":"Mahogany steering wheel","breadcrumb":{"@id":"https:\/\/mavimare-staging.kotuko.rocks\/en\/product\/art-vcg40\/#breadcrumb"},"inLanguage":"en-GB","potentialAction":[{"@type":"ReadAction","target":["https:\/\/mavimare-staging.kotuko.rocks\/en\/product\/art-vcg40\/"]}]},{"@type":"BreadcrumbList","@id":"https:\/\/mavimare-staging.kotuko.rocks\/en\/product\/art-vcg40\/#breadcrumb","itemListElement":[{"@type":"ListItem","position":1,"name":"Home","item":"https:\/\/mavimare-staging.kotuko.rocks\/en\/"},{"@type":"ListItem","position":2,"name":"Products","item":"https:\/\/mavimare-staging.kotuko.rocks\/negozio\/"},{"@type":"ListItem","position":3,"name":"Steering wheels","item":"https:\/\/mavimare-staging.kotuko.rocks\/en\/product-category\/steering-wheels\/"},{"@type":"ListItem","position":4,"name":"Art. V.CG40"}]},{"@type":"WebSite","@id":"https:\/\/mavimare-staging.kotuko.rocks\/en\/#website","url":"https:\/\/mavimare-staging.kotuko.rocks\/en\/","name":"MaviMare","description":"","publisher":{"@id":"https:\/\/mavimare-staging.kotuko.rocks\/en\/#organization"},"potentialAction":[{"@type":"SearchAction","target":{"@type":"EntryPoint","urlTemplate":"https:\/\/mavimare-staging.kotuko.rocks\/en\/?s={search_term_string}"},"query-input":"required name=search_term_string"}],"inLanguage":"en-GB"},{"@type":"Organization","@id":"https:\/\/mavimare-staging.kotuko.rocks\/en\/#organization","name":"MaviMare & Mancini SRL","url":"https:\/\/mavimare-staging.kotuko.rocks\/en\/","logo":{"@type":"ImageObject","inLanguage":"en-GB","@id":"https:\/\/mavimare-staging.kotuko.rocks\/en\/#\/schema\/logo\/image\/","url":"https:\/\/mavimare-staging.kotuko.rocks\/wp-content\/uploads\/2023\/06\/mavimare_logo.svg","contentUrl":"https:\/\/mavimare-staging.kotuko.rocks\/wp-content\/uploads\/2023\/06\/mavimare_logo.svg","width":1,"height":1,"caption":"MaviMare & Mancini SRL"},"image":{"@id":"https:\/\/mavimare-staging.kotuko.rocks\/en\/#\/schema\/logo\/image\/"}}]}},"_links":{"self":[{"href":"https:\/\/mavimare-staging.kotuko.rocks\/en\/wp-json\/wp\/v2\/product\/44031","targetHints":{"allow":["GET"]}}],"collection":[{"href":"https:\/\/mavimare-staging.kotuko.rocks\/en\/wp-json\/wp\/v2\/product"}],"about":[{"href":"https:\/\/mavimare-staging.kotuko.rocks\/en\/wp-json\/wp\/v2\/types\/product"}],"wp:featuredmedia":[{"embeddable":true,"href":"https:\/\/mavimare-staging.kotuko.rocks\/en\/wp-json\/wp\/v2\/media\/7807"}],"wp:attachment":[{"href":"https:\/\/mavimare-staging.kotuko.rocks\/en\/wp-json\/wp\/v2\/media?parent=44031"}],"wp:term":[{"taxonomy":"product_cat","embeddable":true,"href":"https:\/\/mavimare-staging.kotuko.rocks\/en\/wp-json\/wp\/v2\/product_cat?post=44031"},{"taxonomy":"product_tag","embeddable":true,"href":"https:\/\/mavimare-staging.kotuko.rocks\/en\/wp-json\/wp\/v2\/product_tag?post=44031"}],"curies":[{"name":"wp","href":"https:\/\/api.w.org\/{rel}","templated":true}]}}